{"id":1512,"date":"2024-05-06T15:17:31","date_gmt":"2024-05-06T15:17:31","guid":{"rendered":"https:\/\/espaciosaine.com\/politica-de-privacidad-del-sitio-web\/"},"modified":"2024-05-09T07:34:12","modified_gmt":"2024-05-09T07:34:12","slug":"politica-de-privacidad-del-sitio-web","status":"publish","type":"page","link":"https:\/\/espaciosaine.com\/en\/politica-de-privacidad-del-sitio-web\/","title":{"rendered":"WEBSITE PRIVACY POLICY"},"content":{"rendered":"\t\t<div data-elementor-type=\"wp-page\" data-elementor-id=\"1512\" class=\"elementor elementor-1512 elementor-1076\" data-elementor-post-type=\"page\">\n\t\t\t\t<div class=\"elementor-element elementor-element-1641d4f e-flex e-con-boxed elementor-invisible e-con e-parent\" data-id=\"1641d4f\" data-element_type=\"container\" data-settings=\"{&quot;background_background&quot;:&quot;classic&quot;,&quot;animation&quot;:&quot;fadeIn&quot;}\">\n\t\t\t\t\t<div class=\"e-con-inner\">\n\t\t\t\t<div class=\"elementor-element elementor-element-29f6968 elementor-widget__width-inherit elementor-invisible elementor-widget elementor-widget-heading\" data-id=\"29f6968\" data-element_type=\"widget\" data-settings=\"{&quot;_animation&quot;:&quot;fadeInUp&quot;,&quot;_animation_delay&quot;:300}\" data-widget_type=\"heading.default\">\n\t\t\t\t<div class=\"elementor-widget-container\">\n\t\t\t\t\t<h1 class=\"elementor-heading-title elementor-size-default\">WEBSITE PRIVACY POLICY<\/h1>\t\t\t\t<\/div>\n\t\t\t\t<\/div>\n\t\t\t\t\t<\/div>\n\t\t\t\t<\/div>\n\t\t<div class=\"elementor-element elementor-element-4883a3bf e-flex e-con-boxed e-con e-parent\" data-id=\"4883a3bf\" data-element_type=\"container\">\n\t\t\t\t\t<div class=\"e-con-inner\">\n\t\t\t\t<div class=\"elementor-element elementor-element-4846c89c elementor-widget elementor-widget-text-editor\" data-id=\"4846c89c\" data-element_type=\"widget\" data-widget_type=\"text-editor.default\">\n\t\t\t\t<div class=\"elementor-widget-container\">\n\t\t\t\t\t\t\t\t\t<p><\/p>\n<p><strong>1. Data of the Data Controller<\/strong><\/p>\n<p><\/p>\n<p><\/p>\n<ul>\n<li style=\"list-style-type: none;\">\n<ul><\/ul>\n<\/li>\n<\/ul>\n<p> <\/p>\n<ul>\n<li style=\"list-style-type: none;\">\n<ul>\n<li>Company Name: Aine Proyectos y Obras S.L.U., hereinafter &#8220;The Company&#8221;.<\/li>\n<\/ul>\n<\/li>\n<\/ul>\n<p><\/p>\n<p><\/p>\n<ul>\n<li style=\"list-style-type: none;\">\n<ul>\n<li>Commercial Name: Espacios Aine.<\/li>\n<\/ul>\n<\/li>\n<\/ul>\n<p><\/p>\n<p><\/p>\n<ul>\n<li style=\"list-style-type: none;\">\n<ul>\n<li>Domicilio Social: C\/ Ganduxer 129, 1\u00ba 2\u00aa, Esc. A., 08022 Barcelona, Espa\u00f1a. <\/li>\n<\/ul>\n<\/li>\n<\/ul>\n<p><\/p>\n<p><\/p>\n<ul>\n<li style=\"list-style-type: none;\">\n<ul>\n<li>NIF: B-65562837.<\/li>\n<\/ul>\n<\/li>\n<\/ul>\n<p><\/p>\n<p><\/p>\n<ul>\n<li style=\"list-style-type: none;\">\n<ul>\n<li>Telephone: 937 606 293.<\/li>\n<\/ul>\n<\/li>\n<\/ul>\n<p><\/p>\n<p><\/p>\n<ul>\n<li style=\"list-style-type: none;\">\n<ul>\n<li>Email: <a href=\"mailto:info@espaciosaine.com\">info@espaciosaine.com<\/a>.<\/li>\n<\/ul>\n<\/li>\n<\/ul>\n<p><\/p>\n<p><\/p>\n<p><\/p>\n<p><strong>1.1. Normativa aplicable <\/strong><\/p>\n<p><\/p>\n<p><\/p>\n<p>Nuestra Pol\u00edtica de Privacidad se ha dise\u00f1ado de acuerdo con el Reglamento General de Protecci\u00f3n de Datos de la UE 2016\/679 del Parlamento Europeo y del Consejo, de 27 de abril de 2016, relativo a la protecci\u00f3n de las personas f\u00edsicas en lo que respecta al tratamiento de datos personales y a la libre circulaci\u00f3n de estos datos y por el que se deroga la Directiva 95\/46\/CE (Reglamento general de protecci\u00f3n de datos), y la Ley Org\u00e1nica 3\/2018 del 5 de diciembre, de Protecci\u00f3n de Datos de Car\u00e1cter Personal y Garant\u00eda de los Derechos Digitales. Al facilitarnos sus datos, Usted declara haber le\u00eddo y conocer la presente Pol\u00edtica de Privacidad, prestando su consentimiento inequ\u00edvoco y expreso al tratamiento de sus datos personales de acuerdo a las finalidades y t\u00e9rminos aqu\u00ed expresados. La Empresa podr\u00e1 modificar la presente Pol\u00edtica de Privacidad para adaptarla a las novedades legislativas, jurisprudenciales o de interpretaci\u00f3n de la Agencia Espa\u00f1ola de Protecci\u00f3n de Datos. Estas condiciones de privacidad podr\u00e1n ser complementadas por el Aviso Legal, Pol\u00edtica de Cookies y las Condiciones Generales que, en su caso, se recojan para determinados productos o servicios, si dicho acceso supone alguna especialidad en materia de protecci\u00f3n de datos de car\u00e1cter personal.   <\/p>\n<p><\/p>\n<p><\/p>\n<p><strong>2. Purpose of the Processing of Personal Data<\/strong><\/p>\n<p><\/p>\n<p><\/p>\n<p>The treatment that we carry out of your personal data responds to the following purposes:<\/p>\n<p><\/p>\n<p><\/p>\n<ul>\n<li style=\"list-style-type: none;\">\n<ul><\/ul>\n<\/li>\n<\/ul>\n<p> <\/p>\n<ul>\n<li style=\"list-style-type: none;\">\n<ul>\n<li>Communication management.<\/li>\n<\/ul>\n<\/li>\n<\/ul>\n<p><\/p>\n<p><\/p>\n<p><\/p>\n<p><strong>2.1. Plazo de Conservaci\u00f3n de sus datos <\/strong><\/p>\n<p><\/p>\n<p><\/p>\n<p>Conservaremos sus datos personales desde que nos d\u00e9 su consentimiento hasta que lo revoque o bien solicite la limitaci\u00f3n del tratamiento. En tales casos, mantendremos sus datos de manera bloqueada durante los plazos legalmente exigidos. <\/p>\n<p><\/p>\n<p><\/p>\n<p><strong>3. Legitimation and Data Collected<\/strong><\/p>\n<p><\/p>\n<p><\/p>\n<p>The legitimacy for the processing of your data is the express consent given by a positive and affirmative act (fill out the appropriate form and check the box of acceptance of this policy) at the time of providing us with your personal data.<\/p>\n<p><\/p>\n<p><\/p>\n<p><strong>3.1. Consentimiento para tratar sus datos <\/strong><\/p>\n<p><\/p>\n<p><\/p>\n<p>By filling in the forms, checking the box &#8220;I accept the Privacy Policy&#8221; and clicking to send the data, or by sending e-mails to the Company through the accounts provided for this purpose, the User declares to have read and expressly accepted this privacy policy, and gives his unequivocal and express consent to the processing of his personal data in accordance with the purposes indicated.<\/p>\n<p><\/p>\n<p><\/p>\n<p><strong>4. Security Measures<\/strong><\/p>\n<p><\/p>\n<p><\/p>\n<p>As part of our commitment to ensure the security and confidentiality of your personal data, we inform you that we have adopted the necessary technical and organizational measures to ensure the security of personal data and avoid its alteration, loss, unauthorized processing or access, given the state of technology, the nature of the data stored and the risks to which they are exposed, according to Art. 32 of the RGPD EU 679\/2016.<\/p>\n<p><\/p>\n<p><\/p>\n<p><strong>5. Transfer of Data<\/strong><\/p>\n<p><\/p>\n<p><\/p>\n<p>No data transfers or international transfers of your data are envisaged, with the exception of those authorized by tax, commercial and telecommunications legislation, as well as in cases where we are required to do so by a judicial authority.<\/p>\n<p><\/p>\n<p><\/p>\n<p><strong>6. User Rights<\/strong><\/p>\n<p><\/p>\n<p><\/p>\n<p>Cualquier interesado tiene derecho a obtener confirmaci\u00f3n sobre si estamos tratando datos personales que le conciernan, o no. Las personas interesadas tienen derecho a acceder a sus datos personales, as\u00ed como a solicitar la rectificaci\u00f3n de los datos inexactos o, en su caso, solicitar su supresi\u00f3n cuando, entre otros motivos, los datos ya no sean necesarios para los fines que fueron recogidos. En determinadas circunstancias, los interesados podr\u00e1n solicitar la limitaci\u00f3n del tratamiento de sus datos, en cuyo caso \u00fanicamente los conservaremos para el ejercicio o la defensa de reclamaciones. Por motivos relacionados con su situaci\u00f3n particular, los interesados podr\u00e1n oponerse al tratamiento de sus datos. El Responsable del fichero dejar\u00e1 de tratar los datos, salvo por motivos leg\u00edtimos imperiosos, o el ejercicio o la defensa de posibles reclamaciones. De acuerdo con la legislaci\u00f3n vigente tiene los siguientes derechos: derecho a solicitar el acceso a sus datos personales, derecho a solicitar su rectificaci\u00f3n o supresi\u00f3n, derecho a solicitar la limitaci\u00f3n de su tratamiento, derecho a oponerse al tratamiento, derecho a la portabilidad de los datos y as\u00ed mismo, a revocar el consentimiento otorgado. Asimismo, tiene derecho a presentar una reclamaci\u00f3n ante la Agencia Espa\u00f1ola de Protecci\u00f3n de Datos.      <\/p>\n<p><\/p>\n<p><\/p>\n<p><strong>6.1. \u00bfC\u00f3mo ejercitar mis derechos?<\/strong><\/p>\n<p><\/p>\n<p><\/p>\n<p>Para ejercer sus derechos, debe dirigirse al responsable, solicitando el correspondiente formulario para el ejercicio del derecho elegido. Opcionalmente, puede acudir a la Autoridad de Control competente para obtener informaci\u00f3n adicional acerca de sus derechos. Los datos de contacto para el ejercicio de sus derechos son el tel\u00e9fono 937 606 293 y el correo electr\u00f3nico: info@espaciosaine.com. Recuerde acompa\u00f1ar una copia de un documento que nos permita identificarle.<\/p>\n<p><\/p>\n<p><\/p>\n<p><strong>7. Consent to send Electronic Communications<\/strong><\/p>\n<p><\/p>\n<p><\/p>\n<p>Likewise, and in accordance with the provisions of Law 34\/2002, of July 11, 2002, on Information Society Services and Electronic Commerce, by completing the data collection form and checking the corresponding box &#8220;I accept the sending of electronic communications&#8221;, you are giving your express consent to send information about the Company to your e-mail address, telephone, fax or other electronic means.<\/p>\n<p> <\/p>\n<p><\/p>\t\t\t\t\t\t\t\t<\/div>\n\t\t\t\t<\/div>\n\t\t\t\t\t<\/div>\n\t\t\t\t<\/div>\n\t\t\t\t<\/div>\n\t\t","protected":false},"excerpt":{"rendered":"<p>1. Data of the Data Controller Company Name: Aine Proyectos y Obras S.L.U., hereinafter &#8220;The Company&#8221;. Commercial Name: Espacios Aine. Domicilio Social: C\/ Ganduxer 129, 1\u00ba 2\u00aa, Esc. A., 08022 Barcelona, Espa\u00f1a. NIF: B-65562837. Telephone: 937 606 293. Email: info@espaciosaine.com. 1.1. Normativa aplicable Nuestra Pol\u00edtica de Privacidad se ha dise\u00f1ado de acuerdo con el Reglamento [&hellip;]<\/p>\n","protected":false},"author":1,"featured_media":0,"parent":0,"menu_order":0,"comment_status":"closed","ping_status":"closed","template":"","meta":{"_acf_changed":false,"_monsterinsights_skip_tracking":false,"_monsterinsights_sitenote_active":false,"_monsterinsights_sitenote_note":"","_monsterinsights_sitenote_category":0,"footnotes":""},"class_list":["post-1512","page","type-page","status-publish","hentry"],"acf":[],"yoast_head":"<!-- This site is optimized with the Yoast SEO plugin v24.7 - https:\/\/yoast.com\/wordpress\/plugins\/seo\/ -->\n<title>WEBSITE PRIVACY POLICY - Espacios aine<\/title>\n<meta name=\"robots\" content=\"index, follow, max-snippet:-1, max-image-preview:large, max-video-preview:-1\" \/>\n<link rel=\"canonical\" href=\"https:\/\/espaciosaine.com\/en\/politica-de-privacidad-del-sitio-web\/\" \/>\n<meta property=\"og:locale\" content=\"en_US\" \/>\n<meta property=\"og:type\" content=\"article\" \/>\n<meta property=\"og:title\" content=\"WEBSITE PRIVACY POLICY - Espacios aine\" \/>\n<meta property=\"og:description\" content=\"1. Data of the Data Controller Company Name: Aine Proyectos y Obras S.L.U., hereinafter &#8220;The Company&#8221;. Commercial Name: Espacios Aine. Domicilio Social: C\/ Ganduxer 129, 1\u00ba 2\u00aa, Esc. A., 08022 Barcelona, Espa\u00f1a. NIF: B-65562837. Telephone: 937 606 293. Email: info@espaciosaine.com. 1.1. Normativa aplicable Nuestra Pol\u00edtica de Privacidad se ha dise\u00f1ado de acuerdo con el Reglamento [&hellip;]\" \/>\n<meta property=\"og:url\" content=\"https:\/\/espaciosaine.com\/en\/politica-de-privacidad-del-sitio-web\/\" \/>\n<meta property=\"og:site_name\" content=\"Espacios aine\" \/>\n<meta property=\"article:modified_time\" content=\"2024-05-09T07:34:12+00:00\" \/>\n<meta name=\"twitter:card\" content=\"summary_large_image\" \/>\n<meta name=\"twitter:label1\" content=\"Est. reading time\" \/>\n\t<meta name=\"twitter:data1\" content=\"5 minutes\" \/>\n<script type=\"application\/ld+json\" class=\"yoast-schema-graph\">{\"@context\":\"https:\/\/schema.org\",\"@graph\":[{\"@type\":\"WebPage\",\"@id\":\"https:\/\/espaciosaine.com\/en\/politica-de-privacidad-del-sitio-web\/\",\"url\":\"https:\/\/espaciosaine.com\/en\/politica-de-privacidad-del-sitio-web\/\",\"name\":\"WEBSITE PRIVACY POLICY - Espacios aine\",\"isPartOf\":{\"@id\":\"https:\/\/espaciosaine.com\/#website\"},\"datePublished\":\"2024-05-06T15:17:31+00:00\",\"dateModified\":\"2024-05-09T07:34:12+00:00\",\"breadcrumb\":{\"@id\":\"https:\/\/espaciosaine.com\/en\/politica-de-privacidad-del-sitio-web\/#breadcrumb\"},\"inLanguage\":\"en-US\",\"potentialAction\":[{\"@type\":\"ReadAction\",\"target\":[\"https:\/\/espaciosaine.com\/en\/politica-de-privacidad-del-sitio-web\/\"]}]},{\"@type\":\"BreadcrumbList\",\"@id\":\"https:\/\/espaciosaine.com\/en\/politica-de-privacidad-del-sitio-web\/#breadcrumb\",\"itemListElement\":[{\"@type\":\"ListItem\",\"position\":1,\"name\":\"Portada\",\"item\":\"https:\/\/espaciosaine.com\/\"},{\"@type\":\"ListItem\",\"position\":2,\"name\":\"WEBSITE PRIVACY POLICY\"}]},{\"@type\":\"WebSite\",\"@id\":\"https:\/\/espaciosaine.com\/#website\",\"url\":\"https:\/\/espaciosaine.com\/\",\"name\":\"Espacios aine\",\"description\":\"\",\"publisher\":{\"@id\":\"https:\/\/espaciosaine.com\/#organization\"},\"potentialAction\":[{\"@type\":\"SearchAction\",\"target\":{\"@type\":\"EntryPoint\",\"urlTemplate\":\"https:\/\/espaciosaine.com\/?s={search_term_string}\"},\"query-input\":{\"@type\":\"PropertyValueSpecification\",\"valueRequired\":true,\"valueName\":\"search_term_string\"}}],\"inLanguage\":\"en-US\"},{\"@type\":\"Organization\",\"@id\":\"https:\/\/espaciosaine.com\/#organization\",\"name\":\"Espacios aine\",\"url\":\"https:\/\/espaciosaine.com\/\",\"logo\":{\"@type\":\"ImageObject\",\"inLanguage\":\"en-US\",\"@id\":\"https:\/\/espaciosaine.com\/#\/schema\/logo\/image\/\",\"url\":\"https:\/\/espaciosaine.com\/wp-content\/uploads\/2024\/01\/espacios-aine.png\",\"contentUrl\":\"https:\/\/espaciosaine.com\/wp-content\/uploads\/2024\/01\/espacios-aine.png\",\"width\":125,\"height\":72,\"caption\":\"Espacios aine\"},\"image\":{\"@id\":\"https:\/\/espaciosaine.com\/#\/schema\/logo\/image\/\"}}]}<\/script>\n<!-- \/ Yoast SEO plugin. -->","yoast_head_json":{"title":"WEBSITE PRIVACY POLICY - Espacios aine","robots":{"index":"index","follow":"follow","max-snippet":"max-snippet:-1","max-image-preview":"max-image-preview:large","max-video-preview":"max-video-preview:-1"},"canonical":"https:\/\/espaciosaine.com\/en\/politica-de-privacidad-del-sitio-web\/","og_locale":"en_US","og_type":"article","og_title":"WEBSITE PRIVACY POLICY - Espacios aine","og_description":"1. Data of the Data Controller Company Name: Aine Proyectos y Obras S.L.U., hereinafter &#8220;The Company&#8221;. Commercial Name: Espacios Aine. Domicilio Social: C\/ Ganduxer 129, 1\u00ba 2\u00aa, Esc. A., 08022 Barcelona, Espa\u00f1a. NIF: B-65562837. Telephone: 937 606 293. Email: info@espaciosaine.com. 1.1. Normativa aplicable Nuestra Pol\u00edtica de Privacidad se ha dise\u00f1ado de acuerdo con el Reglamento [&hellip;]","og_url":"https:\/\/espaciosaine.com\/en\/politica-de-privacidad-del-sitio-web\/","og_site_name":"Espacios aine","article_modified_time":"2024-05-09T07:34:12+00:00","twitter_card":"summary_large_image","twitter_misc":{"Est. reading time":"5 minutes"},"schema":{"@context":"https:\/\/schema.org","@graph":[{"@type":"WebPage","@id":"https:\/\/espaciosaine.com\/en\/politica-de-privacidad-del-sitio-web\/","url":"https:\/\/espaciosaine.com\/en\/politica-de-privacidad-del-sitio-web\/","name":"WEBSITE PRIVACY POLICY - Espacios aine","isPartOf":{"@id":"https:\/\/espaciosaine.com\/#website"},"datePublished":"2024-05-06T15:17:31+00:00","dateModified":"2024-05-09T07:34:12+00:00","breadcrumb":{"@id":"https:\/\/espaciosaine.com\/en\/politica-de-privacidad-del-sitio-web\/#breadcrumb"},"inLanguage":"en-US","potentialAction":[{"@type":"ReadAction","target":["https:\/\/espaciosaine.com\/en\/politica-de-privacidad-del-sitio-web\/"]}]},{"@type":"BreadcrumbList","@id":"https:\/\/espaciosaine.com\/en\/politica-de-privacidad-del-sitio-web\/#breadcrumb","itemListElement":[{"@type":"ListItem","position":1,"name":"Portada","item":"https:\/\/espaciosaine.com\/"},{"@type":"ListItem","position":2,"name":"WEBSITE PRIVACY POLICY"}]},{"@type":"WebSite","@id":"https:\/\/espaciosaine.com\/#website","url":"https:\/\/espaciosaine.com\/","name":"Espacios aine","description":"","publisher":{"@id":"https:\/\/espaciosaine.com\/#organization"},"potentialAction":[{"@type":"SearchAction","target":{"@type":"EntryPoint","urlTemplate":"https:\/\/espaciosaine.com\/?s={search_term_string}"},"query-input":{"@type":"PropertyValueSpecification","valueRequired":true,"valueName":"search_term_string"}}],"inLanguage":"en-US"},{"@type":"Organization","@id":"https:\/\/espaciosaine.com\/#organization","name":"Espacios aine","url":"https:\/\/espaciosaine.com\/","logo":{"@type":"ImageObject","inLanguage":"en-US","@id":"https:\/\/espaciosaine.com\/#\/schema\/logo\/image\/","url":"https:\/\/espaciosaine.com\/wp-content\/uploads\/2024\/01\/espacios-aine.png","contentUrl":"https:\/\/espaciosaine.com\/wp-content\/uploads\/2024\/01\/espacios-aine.png","width":125,"height":72,"caption":"Espacios aine"},"image":{"@id":"https:\/\/espaciosaine.com\/#\/schema\/logo\/image\/"}}]}},"_links":{"self":[{"href":"https:\/\/espaciosaine.com\/en\/wp-json\/wp\/v2\/pages\/1512","targetHints":{"allow":["GET"]}}],"collection":[{"href":"https:\/\/espaciosaine.com\/en\/wp-json\/wp\/v2\/pages"}],"about":[{"href":"https:\/\/espaciosaine.com\/en\/wp-json\/wp\/v2\/types\/page"}],"author":[{"embeddable":true,"href":"https:\/\/espaciosaine.com\/en\/wp-json\/wp\/v2\/users\/1"}],"replies":[{"embeddable":true,"href":"https:\/\/espaciosaine.com\/en\/wp-json\/wp\/v2\/comments?post=1512"}],"version-history":[{"count":8,"href":"https:\/\/espaciosaine.com\/en\/wp-json\/wp\/v2\/pages\/1512\/revisions"}],"predecessor-version":[{"id":1572,"href":"https:\/\/espaciosaine.com\/en\/wp-json\/wp\/v2\/pages\/1512\/revisions\/1572"}],"wp:attachment":[{"href":"https:\/\/espaciosaine.com\/en\/wp-json\/wp\/v2\/media?parent=1512"}],"curies":[{"name":"wp","href":"https:\/\/api.w.org\/{rel}","templated":true}]}}